{"id":3586,"date":"2022-03-03T11:44:26","date_gmt":"2022-03-03T10:44:26","guid":{"rendered":"https:\/\/www.swissclicpanel.com\/mentions-legales\/"},"modified":"2022-06-06T11:34:51","modified_gmt":"2022-06-06T09:34:51","slug":"mentions-legales","status":"publish","type":"page","link":"https:\/\/www.swissclicpanel.com\/fr\/mentions-legales\/","title":{"rendered":"Mentions l\u00e9gales"},"content":{"rendered":"<div id=\"modal-ready\">\t\t<div data-elementor-type=\"wp-page\" data-elementor-id=\"3586\" class=\"elementor elementor-3586 elementor-1122\" data-elementor-post-type=\"page\">\n\t\t\t\t\t\t<section class=\"elementor-section elementor-top-section elementor-element elementor-element-55b5739c elementor-section-height-min-height decor elementor-section-boxed elementor-section-height-default elementor-section-items-middle\" data-id=\"55b5739c\" data-element_type=\"section\" data-e-type=\"section\" id=\"showcase\" data-settings=\"{&quot;background_background&quot;:&quot;classic&quot;}\">\n\t\t\t\t\t\t\t<div class=\"elementor-background-overlay\"><\/div>\n\t\t\t\t\t\t\t<div class=\"elementor-container elementor-column-gap-default\">\n\t\t\t\t\t<div class=\"elementor-column elementor-col-100 elementor-top-column elementor-element elementor-element-48879e13\" data-id=\"48879e13\" data-element_type=\"column\" data-e-type=\"column\">\n\t\t\t<div class=\"elementor-widget-wrap elementor-element-populated\">\n\t\t\t\t\t\t<div class=\"elementor-element elementor-element-3cd7b64f main-title white elementor-widget elementor-widget-heading\" data-id=\"3cd7b64f\" data-element_type=\"widget\" data-e-type=\"widget\" data-widget_type=\"heading.default\">\n\t\t\t\t<div class=\"elementor-widget-container\">\n\t\t\t\t\t<h2 class=\"elementor-heading-title elementor-size-default\"><strong>Mentions l\u00e9gales<\/strong><\/h2>\t\t\t\t<\/div>\n\t\t\t\t<\/div>\n\t\t\t\t\t<\/div>\n\t\t<\/div>\n\t\t\t\t\t<\/div>\n\t\t<\/section>\n\t\t\t\t<section class=\"elementor-section elementor-top-section elementor-element elementor-element-6e091b4c privacy elementor-section-boxed elementor-section-height-default elementor-section-height-default\" data-id=\"6e091b4c\" data-element_type=\"section\" data-e-type=\"section\" data-settings=\"{&quot;background_background&quot;:&quot;classic&quot;}\">\n\t\t\t\t\t\t<div class=\"elementor-container elementor-column-gap-no\">\n\t\t\t\t\t<div class=\"elementor-column elementor-col-100 elementor-top-column elementor-element elementor-element-5814922a\" data-id=\"5814922a\" data-element_type=\"column\" data-e-type=\"column\">\n\t\t\t<div class=\"elementor-widget-wrap elementor-element-populated\">\n\t\t\t\t\t\t<div class=\"elementor-element elementor-element-56489063 elementor-widget elementor-widget-text-editor\" data-id=\"56489063\" data-element_type=\"widget\" data-e-type=\"widget\" data-widget_type=\"text-editor.default\">\n\t\t\t\t<div class=\"elementor-widget-container\">\n\t\t\t\t\t\t\t\t\t<p><strong>SWISS KRONO AG<\/strong><br \/>Willisauerstrasse 37<br \/>6122 Menznau<br \/>Suisse<\/p><p>Inscription au registre du commerce\u00a0: registre du commerce du canton de Lucerne<br \/>Num\u00e9ro d\u2019identification\u00a0IDE\u00a0: CHE-101.028.970<\/p><p><strong>Indication des sources des photos et graphiques utilis\u00e9s\u00a0:<br \/><\/strong>SWISS KRONO AG<\/p><p><strong>Clause de non-responsabilit\u00e9 (Disclaimer)<br \/><\/strong><\/p><p><strong>Mentions l\u00e9gales<br \/><\/strong><\/p><p>Tous les textes et liens ont \u00e9t\u00e9 soigneusement v\u00e9rifi\u00e9s et sont mis \u00e0 jour en permanence. Nous nous effor\u00e7ons de fournir des informations exactes et compl\u00e8tes sur ce site\u00a0Web, mais nous d\u00e9clinons toute responsabilit\u00e9 et ne donnons aucune garantie, quelle qu\u2019elle soit, quant \u00e0 l\u2019exactitude, l\u2019exhaustivit\u00e9 ou l\u2019actualit\u00e9 des informations fournies sur ce site\u00a0Web. Nous nous r\u00e9servons le droit de modifier les informations publi\u00e9es sur ce site \u00e0 tout moment et sans pr\u00e9avis et nous ne nous engageons pas \u00e0 mettre \u00e0 jour les informations qu\u2019il contient. Tous les liens vers des fournisseurs externes ont \u00e9t\u00e9 v\u00e9rifi\u00e9s au moment de leur int\u00e9gration, mais nous ne sommes pas responsables du contenu et de la disponibilit\u00e9 des sites\u00a0Web accessibles par des liens hypertextes. S\u2019agissant des contenus ill\u00e9gaux, incorrects ou incomplets et en particulier des dommages qui r\u00e9sultent des contenus des pages indiqu\u00e9es en lien, seul l\u2019exploitant de la page correspondante en assume la responsabilit\u00e9. Les dommages peuvent comprendre un dommage direct, indirect ou financier ou tout autre dommage pouvant r\u00e9sulter d\u2019une perte de donn\u00e9es, d\u2019une interruption de fonctionnement ou d\u2019autres raisons de quelque nature que ce soit.<\/p><p><strong>Droits d\u2019auteur<br \/><\/strong><\/p><p>Les droits d\u2019auteur se rapportant aux contenus publi\u00e9s sur ce site Web sont la propri\u00e9t\u00e9 de SWISS KRONO AG. Les contenus ne peuvent \u00eatre utilis\u00e9s, m\u00eame sous forme d\u2019extraits, que sous l\u2019indication de la source \u00ab SWISS KRONO AG \u00bb.<\/p>\t\t\t\t\t\t\t\t<\/div>\n\t\t\t\t<\/div>\n\t\t\t\t\t<\/div>\n\t\t<\/div>\n\t\t\t\t\t<\/div>\n\t\t<\/section>\n\t\t\t\t<\/div>\n\t\t<\/div>","protected":false},"excerpt":{"rendered":"<p>SWISS KRONO AGWillisauerstrasse 376122 MenznauSuisse Inscription au registre du commerce\u00a0: registre du commerce du canton de LucerneNum\u00e9ro d\u2019identification\u00a0IDE\u00a0: CHE-101.028.970 Indication des sources des photos et graphiques utilis\u00e9s\u00a0:SWISS KRONO AG Clause de non-responsabilit\u00e9 (Disclaimer) Mentions l\u00e9gales Tous les textes et liens ont \u00e9t\u00e9 soigneusement v\u00e9rifi\u00e9s et sont mis \u00e0 jour en permanence. Nous nous effor\u00e7ons de [&hellip;]<\/p>\n","protected":false},"author":1,"featured_media":0,"parent":0,"menu_order":0,"comment_status":"closed","ping_status":"closed","template":"","meta":{"footnotes":""},"class_list":["post-3586","page","type-page","status-publish","hentry"],"yoast_head":"<!-- This site is optimized with the Yoast SEO plugin v27.5 - https:\/\/yoast.com\/product\/yoast-seo-wordpress\/ -->\n<title>Mentions l\u00e9gales - SWISSCLIC PANEL-A+<\/title>\n<meta name=\"robots\" content=\"index, follow, max-snippet:-1, max-image-preview:large, max-video-preview:-1\" \/>\n<link rel=\"canonical\" href=\"https:\/\/www.swissclicpanel.com\/fr\/mentions-legales\/\" \/>\n<meta property=\"og:locale\" content=\"fr_FR\" \/>\n<meta property=\"og:type\" content=\"article\" \/>\n<meta property=\"og:title\" content=\"Mentions l\u00e9gales - SWISSCLIC PANEL-A+\" \/>\n<meta property=\"og:description\" content=\"SWISS KRONO AGWillisauerstrasse 376122 MenznauSuisse Inscription au registre du commerce\u00a0: registre du commerce du canton de LucerneNum\u00e9ro d\u2019identification\u00a0IDE\u00a0: CHE-101.028.970 Indication des sources des photos et graphiques utilis\u00e9s\u00a0:SWISS KRONO AG Clause de non-responsabilit\u00e9 (Disclaimer) Mentions l\u00e9gales Tous les textes et liens ont \u00e9t\u00e9 soigneusement v\u00e9rifi\u00e9s et sont mis \u00e0 jour en permanence. Nous nous effor\u00e7ons de [&hellip;]\" \/>\n<meta property=\"og:url\" content=\"https:\/\/www.swissclicpanel.com\/fr\/mentions-legales\/\" \/>\n<meta property=\"og:site_name\" content=\"SWISSCLIC PANEL-A+\" \/>\n<meta property=\"article:publisher\" content=\"https:\/\/www.facebook.com\/swisskrono.ch\" \/>\n<meta property=\"article:modified_time\" content=\"2022-06-06T09:34:51+00:00\" \/>\n<meta name=\"twitter:card\" content=\"summary_large_image\" \/>\n<meta name=\"twitter:label1\" content=\"Dur\u00e9e de lecture estim\u00e9e\" \/>\n\t<meta name=\"twitter:data1\" content=\"1 minute\" \/>\n<script type=\"application\/ld+json\" class=\"yoast-schema-graph\">{\"@context\":\"https:\\\/\\\/schema.org\",\"@graph\":[{\"@type\":\"WebPage\",\"@id\":\"https:\\\/\\\/www.swissclicpanel.com\\\/fr\\\/mentions-legales\\\/\",\"url\":\"https:\\\/\\\/www.swissclicpanel.com\\\/fr\\\/mentions-legales\\\/\",\"name\":\"Mentions l\u00e9gales - SWISSCLIC PANEL-A+\",\"isPartOf\":{\"@id\":\"https:\\\/\\\/www.swissclicpanel.com\\\/fr\\\/#website\"},\"datePublished\":\"2022-03-03T10:44:26+00:00\",\"dateModified\":\"2022-06-06T09:34:51+00:00\",\"breadcrumb\":{\"@id\":\"https:\\\/\\\/www.swissclicpanel.com\\\/fr\\\/mentions-legales\\\/#breadcrumb\"},\"inLanguage\":\"fr-FR\",\"potentialAction\":[{\"@type\":\"ReadAction\",\"target\":[\"https:\\\/\\\/www.swissclicpanel.com\\\/fr\\\/mentions-legales\\\/\"]}]},{\"@type\":\"BreadcrumbList\",\"@id\":\"https:\\\/\\\/www.swissclicpanel.com\\\/fr\\\/mentions-legales\\\/#breadcrumb\",\"itemListElement\":[{\"@type\":\"ListItem\",\"position\":1,\"name\":\"Home\",\"item\":\"https:\\\/\\\/www.swissclicpanel.com\\\/fr\\\/\"},{\"@type\":\"ListItem\",\"position\":2,\"name\":\"Mentions l\u00e9gales\"}]},{\"@type\":\"WebSite\",\"@id\":\"https:\\\/\\\/www.swissclicpanel.com\\\/fr\\\/#website\",\"url\":\"https:\\\/\\\/www.swissclicpanel.com\\\/fr\\\/\",\"name\":\"SWISSCLIC PANEL-A+\",\"description\":\"ACOUSTIC SOLUTIONS\",\"publisher\":{\"@id\":\"https:\\\/\\\/www.swissclicpanel.com\\\/fr\\\/#organization\"},\"potentialAction\":[{\"@type\":\"SearchAction\",\"target\":{\"@type\":\"EntryPoint\",\"urlTemplate\":\"https:\\\/\\\/www.swissclicpanel.com\\\/fr\\\/?s={search_term_string}\"},\"query-input\":{\"@type\":\"PropertyValueSpecification\",\"valueRequired\":true,\"valueName\":\"search_term_string\"}}],\"inLanguage\":\"fr-FR\"},{\"@type\":\"Organization\",\"@id\":\"https:\\\/\\\/www.swissclicpanel.com\\\/fr\\\/#organization\",\"name\":\"SWISS KRONO AG\",\"url\":\"https:\\\/\\\/www.swissclicpanel.com\\\/fr\\\/\",\"logo\":{\"@type\":\"ImageObject\",\"inLanguage\":\"fr-FR\",\"@id\":\"https:\\\/\\\/www.swissclicpanel.com\\\/fr\\\/#\\\/schema\\\/logo\\\/image\\\/\",\"url\":\"https:\\\/\\\/www.swissclicpanel.com\\\/wp-content\\\/uploads\\\/2022\\\/02\\\/Swissclick-panel-logo.svg\",\"contentUrl\":\"https:\\\/\\\/www.swissclicpanel.com\\\/wp-content\\\/uploads\\\/2022\\\/02\\\/Swissclick-panel-logo.svg\",\"width\":727,\"height\":46,\"caption\":\"SWISS KRONO AG\"},\"image\":{\"@id\":\"https:\\\/\\\/www.swissclicpanel.com\\\/fr\\\/#\\\/schema\\\/logo\\\/image\\\/\"},\"sameAs\":[\"https:\\\/\\\/www.facebook.com\\\/swisskrono.ch\",\"https:\\\/\\\/www.linkedin.com\\\/company\\\/swisskrono-ch\",\"https:\\\/\\\/www.youtube.com\\\/user\\\/KronoswissWS\",\"https:\\\/\\\/www.instagram.com\\\/swisskronoag\\\/\"]}]}<\/script>\n<!-- \/ Yoast SEO plugin. -->","yoast_head_json":{"title":"Mentions l\u00e9gales - SWISSCLIC PANEL-A+","robots":{"index":"index","follow":"follow","max-snippet":"max-snippet:-1","max-image-preview":"max-image-preview:large","max-video-preview":"max-video-preview:-1"},"canonical":"https:\/\/www.swissclicpanel.com\/fr\/mentions-legales\/","og_locale":"fr_FR","og_type":"article","og_title":"Mentions l\u00e9gales - SWISSCLIC PANEL-A+","og_description":"SWISS KRONO AGWillisauerstrasse 376122 MenznauSuisse Inscription au registre du commerce\u00a0: registre du commerce du canton de LucerneNum\u00e9ro d\u2019identification\u00a0IDE\u00a0: CHE-101.028.970 Indication des sources des photos et graphiques utilis\u00e9s\u00a0:SWISS KRONO AG Clause de non-responsabilit\u00e9 (Disclaimer) Mentions l\u00e9gales Tous les textes et liens ont \u00e9t\u00e9 soigneusement v\u00e9rifi\u00e9s et sont mis \u00e0 jour en permanence. Nous nous effor\u00e7ons de [&hellip;]","og_url":"https:\/\/www.swissclicpanel.com\/fr\/mentions-legales\/","og_site_name":"SWISSCLIC PANEL-A+","article_publisher":"https:\/\/www.facebook.com\/swisskrono.ch","article_modified_time":"2022-06-06T09:34:51+00:00","twitter_card":"summary_large_image","twitter_misc":{"Dur\u00e9e de lecture estim\u00e9e":"1 minute"},"schema":{"@context":"https:\/\/schema.org","@graph":[{"@type":"WebPage","@id":"https:\/\/www.swissclicpanel.com\/fr\/mentions-legales\/","url":"https:\/\/www.swissclicpanel.com\/fr\/mentions-legales\/","name":"Mentions l\u00e9gales - SWISSCLIC PANEL-A+","isPartOf":{"@id":"https:\/\/www.swissclicpanel.com\/fr\/#website"},"datePublished":"2022-03-03T10:44:26+00:00","dateModified":"2022-06-06T09:34:51+00:00","breadcrumb":{"@id":"https:\/\/www.swissclicpanel.com\/fr\/mentions-legales\/#breadcrumb"},"inLanguage":"fr-FR","potentialAction":[{"@type":"ReadAction","target":["https:\/\/www.swissclicpanel.com\/fr\/mentions-legales\/"]}]},{"@type":"BreadcrumbList","@id":"https:\/\/www.swissclicpanel.com\/fr\/mentions-legales\/#breadcrumb","itemListElement":[{"@type":"ListItem","position":1,"name":"Home","item":"https:\/\/www.swissclicpanel.com\/fr\/"},{"@type":"ListItem","position":2,"name":"Mentions l\u00e9gales"}]},{"@type":"WebSite","@id":"https:\/\/www.swissclicpanel.com\/fr\/#website","url":"https:\/\/www.swissclicpanel.com\/fr\/","name":"SWISSCLIC PANEL-A+","description":"ACOUSTIC SOLUTIONS","publisher":{"@id":"https:\/\/www.swissclicpanel.com\/fr\/#organization"},"potentialAction":[{"@type":"SearchAction","target":{"@type":"EntryPoint","urlTemplate":"https:\/\/www.swissclicpanel.com\/fr\/?s={search_term_string}"},"query-input":{"@type":"PropertyValueSpecification","valueRequired":true,"valueName":"search_term_string"}}],"inLanguage":"fr-FR"},{"@type":"Organization","@id":"https:\/\/www.swissclicpanel.com\/fr\/#organization","name":"SWISS KRONO AG","url":"https:\/\/www.swissclicpanel.com\/fr\/","logo":{"@type":"ImageObject","inLanguage":"fr-FR","@id":"https:\/\/www.swissclicpanel.com\/fr\/#\/schema\/logo\/image\/","url":"https:\/\/www.swissclicpanel.com\/wp-content\/uploads\/2022\/02\/Swissclick-panel-logo.svg","contentUrl":"https:\/\/www.swissclicpanel.com\/wp-content\/uploads\/2022\/02\/Swissclick-panel-logo.svg","width":727,"height":46,"caption":"SWISS KRONO AG"},"image":{"@id":"https:\/\/www.swissclicpanel.com\/fr\/#\/schema\/logo\/image\/"},"sameAs":["https:\/\/www.facebook.com\/swisskrono.ch","https:\/\/www.linkedin.com\/company\/swisskrono-ch","https:\/\/www.youtube.com\/user\/KronoswissWS","https:\/\/www.instagram.com\/swisskronoag\/"]}]}},"_links":{"self":[{"href":"https:\/\/www.swissclicpanel.com\/fr\/wp-json\/wp\/v2\/pages\/3586","targetHints":{"allow":["GET"]}}],"collection":[{"href":"https:\/\/www.swissclicpanel.com\/fr\/wp-json\/wp\/v2\/pages"}],"about":[{"href":"https:\/\/www.swissclicpanel.com\/fr\/wp-json\/wp\/v2\/types\/page"}],"author":[{"embeddable":true,"href":"https:\/\/www.swissclicpanel.com\/fr\/wp-json\/wp\/v2\/users\/1"}],"replies":[{"embeddable":true,"href":"https:\/\/www.swissclicpanel.com\/fr\/wp-json\/wp\/v2\/comments?post=3586"}],"version-history":[{"count":5,"href":"https:\/\/www.swissclicpanel.com\/fr\/wp-json\/wp\/v2\/pages\/3586\/revisions"}],"predecessor-version":[{"id":4009,"href":"https:\/\/www.swissclicpanel.com\/fr\/wp-json\/wp\/v2\/pages\/3586\/revisions\/4009"}],"wp:attachment":[{"href":"https:\/\/www.swissclicpanel.com\/fr\/wp-json\/wp\/v2\/media?parent=3586"}],"curies":[{"name":"wp","href":"https:\/\/api.w.org\/{rel}","templated":true}]}}